{"id":13100,"date":"2023-01-24T20:19:42","date_gmt":"2023-01-24T20:19:42","guid":{"rendered":"http:\/\/35.237.96.127\/?page_id=13100"},"modified":"2025-07-04T22:50:47","modified_gmt":"2025-07-04T22:50:47","slug":"baratodo-chains","status":"publish","type":"page","link":"https:\/\/grupounicomer.com\/en\/baratodo-marcas\/","title":{"rendered":"Marcas &#8211; Baratodo"},"content":{"rendered":"<div data-elementor-type=\"wp-page\" data-elementor-id=\"13100\" class=\"elementor elementor-13100\" data-elementor-post-type=\"page\">\n\t\t\t\t\t\t<section class=\"elementor-section elementor-top-section elementor-element elementor-element-5be10cb elementor-section-full_width elementor-section-height-default elementor-section-height-default\" data-id=\"5be10cb\" data-element_type=\"section\" data-e-type=\"section\" data-settings=\"{&quot;background_background&quot;:&quot;classic&quot;}\">\n\t\t\t\t\t\t<div class=\"elementor-container elementor-column-gap-default\">\n\t\t\t\t\t<div class=\"elementor-column elementor-col-50 elementor-top-column elementor-element elementor-element-b3666b2\" data-id=\"b3666b2\" data-element_type=\"column\" data-e-type=\"column\" data-settings=\"{&quot;background_background&quot;:&quot;classic&quot;}\">\n\t\t\t<div class=\"elementor-widget-wrap elementor-element-populated\">\n\t\t\t\t\t\t<div class=\"elementor-element elementor-element-19495d2 elementor-widget elementor-widget-spacer\" data-id=\"19495d2\" data-element_type=\"widget\" data-e-type=\"widget\" data-widget_type=\"spacer.default\">\n\t\t\t\t<div class=\"elementor-widget-container\">\n\t\t\t\t\t\t\t<div class=\"elementor-spacer\">\n\t\t\t<div class=\"elementor-spacer-inner\"><\/div>\n\t\t<\/div>\n\t\t\t\t\t\t<\/div>\n\t\t\t\t<\/div>\n\t\t\t\t\t<\/div>\n\t\t<\/div>\n\t\t\t\t<div class=\"elementor-column elementor-col-50 elementor-top-column elementor-element elementor-element-1a02764\" data-id=\"1a02764\" data-element_type=\"column\" data-e-type=\"column\">\n\t\t\t<div class=\"elementor-widget-wrap elementor-element-populated\">\n\t\t\t\t\t\t<div class=\"elementor-element elementor-element-555f3dc elementor-widget elementor-widget-heading\" data-id=\"555f3dc\" data-element_type=\"widget\" data-e-type=\"widget\" data-widget_type=\"heading.default\">\n\t\t\t\t<div class=\"elementor-widget-container\">\n\t\t\t\t\t<h1 class=\"elementor-heading-title elementor-size-default\">Baratodo<\/h1>\t\t\t\t<\/div>\n\t\t\t\t<\/div>\n\t\t\t\t<div class=\"elementor-element elementor-element-bc29f8f elementor-widget elementor-widget-heading\" data-id=\"bc29f8f\" data-element_type=\"widget\" data-e-type=\"widget\" data-widget_type=\"heading.default\">\n\t\t\t\t<div class=\"elementor-widget-container\">\n\t\t\t\t\t<h2 class=\"elementor-heading-title elementor-size-default\">F\u00e1cil de comprar y barato de pagar<\/h2>\t\t\t\t<\/div>\n\t\t\t\t<\/div>\n\t\t\t\t<div class=\"elementor-element elementor-element-060dc19 elementor-widget elementor-widget-text-editor\" data-id=\"060dc19\" data-element_type=\"widget\" data-e-type=\"widget\" data-widget_type=\"text-editor.default\">\n\t\t\t\t<div class=\"elementor-widget-container\">\n\t\t\t\t\t\t\t\t\t<p>Its character Baratito was born in 2014 <b>to give the chain a friendly face, always offering the best prices with a smile and a bit of magic.<\/b><\/p>\t\t\t\t\t\t\t\t<\/div>\n\t\t\t\t<\/div>\n\t\t\t\t<div class=\"elementor-element elementor-element-1db89c7 elementor-widget elementor-widget-text-editor\" data-id=\"1db89c7\" data-element_type=\"widget\" data-e-type=\"widget\" data-widget_type=\"text-editor.default\">\n\t\t\t\t<div class=\"elementor-widget-container\">\n\t\t\t\t\t\t\t\t\t<p>Baratodo was born in order to increase market share, through the creation of a new competitor.\nOne of its characteristics is to have stores larger than 300 m2 that allow us to introduce new product lines, such as furniture, a line in which the group has vast experience in other countries, and in Ecuador it has become a great opportunity.\nAmong the chains main skills is active sales or routing sales, work that was abandoned in the market\u2019s competitors, and that has begun to differentiate us; accompanied by a policy of benefits for our team members that make them become a great fortress.<\/p>\t\t\t\t\t\t\t\t<\/div>\n\t\t\t\t<\/div>\n\t\t\t\t<div class=\"elementor-element elementor-element-085c3b4 elementor-widget elementor-widget-text-editor\" data-id=\"085c3b4\" data-element_type=\"widget\" data-e-type=\"widget\" data-widget_type=\"text-editor.default\">\n\t\t\t\t<div class=\"elementor-widget-container\">\n\t\t\t\t\t\t\t\t\t<p>\u00a0The first store was opened in Guayaquil, complying with the focus of reaching another sector, and of being perceived as an easy, accessible, close chain, with a wide variety of products and modern. Baratodo works under the slogan: \"Easy to buy, easy to pay\u201d.<\/p>\t\t\t\t\t\t\t\t<\/div>\n\t\t\t\t<\/div>\n\t\t\t\t<div class=\"elementor-element elementor-element-488baaf elementor-widget elementor-widget-heading\" data-id=\"488baaf\" data-element_type=\"widget\" data-e-type=\"widget\" data-widget_type=\"heading.default\">\n\t\t\t\t<div class=\"elementor-widget-container\">\n\t\t\t\t\t<div class=\"elementor-heading-title elementor-size-default\">Available in:<\/div>\t\t\t\t<\/div>\n\t\t\t\t<\/div>\n\t\t\t\t<section class=\"elementor-section elementor-inner-section elementor-element elementor-element-ba5e58c elementor-hidden-mobile elementor-section-boxed elementor-section-height-default elementor-section-height-default\" data-id=\"ba5e58c\" data-element_type=\"section\" data-e-type=\"section\">\n\t\t\t\t\t\t<div class=\"elementor-container elementor-column-gap-default\">\n\t\t\t\t\t<div class=\"elementor-column elementor-col-25 elementor-inner-column elementor-element elementor-element-3effcd6\" data-id=\"3effcd6\" data-element_type=\"column\" data-e-type=\"column\">\n\t\t\t<div class=\"elementor-widget-wrap elementor-element-populated\">\n\t\t\t\t\t\t<section class=\"elementor-section elementor-inner-section elementor-element elementor-element-392603b elementor-section-boxed elementor-section-height-default elementor-section-height-default\" data-id=\"392603b\" data-element_type=\"section\" data-e-type=\"section\" data-settings=\"{&quot;background_background&quot;:&quot;classic&quot;}\">\n\t\t\t\t\t\t<div class=\"elementor-container elementor-column-gap-narrow\">\n\t\t\t\t\t<div class=\"elementor-column elementor-col-50 elementor-inner-column elementor-element elementor-element-2abdd8c\" data-id=\"2abdd8c\" data-element_type=\"column\" data-e-type=\"column\">\n\t\t\t<div class=\"elementor-widget-wrap elementor-element-populated\">\n\t\t\t\t\t\t<div class=\"elementor-element elementor-element-a9df759 elementor-widget__width-auto elementor-widget elementor-widget-image\" data-id=\"a9df759\" data-element_type=\"widget\" data-e-type=\"widget\" data-widget_type=\"image.default\">\n\t\t\t\t<div class=\"elementor-widget-container\">\n\t\t\t\t\t\t\t\t\t\t\t\t\t\t\t<img decoding=\"async\" width=\"45\" height=\"30\" src=\"https:\/\/grupounicomer.com\/wp-content\/uploads\/2023\/01\/Ecuador.png\" class=\"attachment-large size-large wp-image-12713\" alt=\"\" srcset=\"https:\/\/grupounicomer.com\/wp-content\/uploads\/2023\/01\/Ecuador.png 45w, https:\/\/grupounicomer.com\/wp-content\/uploads\/2023\/01\/Ecuador-18x12.png 18w\" sizes=\"(max-width: 45px) 100vw, 45px\" \/>\t\t\t\t\t\t\t\t\t\t\t\t\t\t\t<\/div>\n\t\t\t\t<\/div>\n\t\t\t\t\t<\/div>\n\t\t<\/div>\n\t\t\t\t<div class=\"elementor-column elementor-col-50 elementor-inner-column elementor-element elementor-element-41c72c7\" data-id=\"41c72c7\" data-element_type=\"column\" data-e-type=\"column\">\n\t\t\t<div class=\"elementor-widget-wrap elementor-element-populated\">\n\t\t\t\t\t\t<div class=\"elementor-element elementor-element-316c144 elementor-widget elementor-widget-heading\" data-id=\"316c144\" data-element_type=\"widget\" data-e-type=\"widget\" data-widget_type=\"heading.default\">\n\t\t\t\t<div class=\"elementor-widget-container\">\n\t\t\t\t\t<h6 class=\"elementor-heading-title elementor-size-default\">Ecuador<\/h6>\t\t\t\t<\/div>\n\t\t\t\t<\/div>\n\t\t\t\t\t<\/div>\n\t\t<\/div>\n\t\t\t\t\t<\/div>\n\t\t<\/section>\n\t\t\t\t\t<\/div>\n\t\t<\/div>\n\t\t\t\t<div class=\"elementor-column elementor-col-25 elementor-inner-column elementor-element elementor-element-43a06b0\" data-id=\"43a06b0\" data-element_type=\"column\" data-e-type=\"column\">\n\t\t\t<div class=\"elementor-widget-wrap\">\n\t\t\t\t\t\t\t<\/div>\n\t\t<\/div>\n\t\t\t\t<div class=\"elementor-column elementor-col-25 elementor-inner-column elementor-element elementor-element-87fc5b6\" data-id=\"87fc5b6\" data-element_type=\"column\" data-e-type=\"column\">\n\t\t\t<div class=\"elementor-widget-wrap\">\n\t\t\t\t\t\t\t<\/div>\n\t\t<\/div>\n\t\t\t\t<div class=\"elementor-column elementor-col-25 elementor-inner-column elementor-element elementor-element-349064f\" data-id=\"349064f\" data-element_type=\"column\" data-e-type=\"column\">\n\t\t\t<div class=\"elementor-widget-wrap\">\n\t\t\t\t\t\t\t<\/div>\n\t\t<\/div>\n\t\t\t\t\t<\/div>\n\t\t<\/section>\n\t\t\t\t<section class=\"elementor-section elementor-inner-section elementor-element elementor-element-5ca069e elementor-hidden-desktop elementor-hidden-tablet elementor-section-boxed elementor-section-height-default elementor-section-height-default\" data-id=\"5ca069e\" data-element_type=\"section\" data-e-type=\"section\">\n\t\t\t\t\t\t<div class=\"elementor-container elementor-column-gap-default\">\n\t\t\t\t\t<div class=\"elementor-column elementor-col-20 elementor-inner-column elementor-element elementor-element-2b0be9e\" data-id=\"2b0be9e\" data-element_type=\"column\" data-e-type=\"column\">\n\t\t\t<div class=\"elementor-widget-wrap elementor-element-populated\">\n\t\t\t\t\t\t<section class=\"elementor-section elementor-inner-section elementor-element elementor-element-c6d3bcf elementor-section-boxed elementor-section-height-default elementor-section-height-default\" data-id=\"c6d3bcf\" data-element_type=\"section\" data-e-type=\"section\" data-settings=\"{&quot;background_background&quot;:&quot;classic&quot;}\">\n\t\t\t\t\t\t<div class=\"elementor-container elementor-column-gap-narrow\">\n\t\t\t\t\t<div class=\"elementor-column elementor-col-50 elementor-inner-column elementor-element elementor-element-9576d66\" data-id=\"9576d66\" data-element_type=\"column\" data-e-type=\"column\">\n\t\t\t<div class=\"elementor-widget-wrap elementor-element-populated\">\n\t\t\t\t\t\t<div class=\"elementor-element elementor-element-4b99275 elementor-widget__width-auto elementor-widget elementor-widget-image\" data-id=\"4b99275\" data-element_type=\"widget\" data-e-type=\"widget\" data-widget_type=\"image.default\">\n\t\t\t\t<div class=\"elementor-widget-container\">\n\t\t\t\t\t\t\t\t\t\t\t\t\t\t\t<img decoding=\"async\" width=\"45\" height=\"30\" src=\"https:\/\/grupounicomer.com\/wp-content\/uploads\/2023\/01\/Ecuador.png\" class=\"attachment-large size-large wp-image-12713\" alt=\"\" srcset=\"https:\/\/grupounicomer.com\/wp-content\/uploads\/2023\/01\/Ecuador.png 45w, https:\/\/grupounicomer.com\/wp-content\/uploads\/2023\/01\/Ecuador-18x12.png 18w\" sizes=\"(max-width: 45px) 100vw, 45px\" \/>\t\t\t\t\t\t\t\t\t\t\t\t\t\t\t<\/div>\n\t\t\t\t<\/div>\n\t\t\t\t\t<\/div>\n\t\t<\/div>\n\t\t\t\t<div class=\"elementor-column elementor-col-50 elementor-inner-column elementor-element elementor-element-df2b7a4\" data-id=\"df2b7a4\" data-element_type=\"column\" data-e-type=\"column\">\n\t\t\t<div class=\"elementor-widget-wrap elementor-element-populated\">\n\t\t\t\t\t\t<div class=\"elementor-element elementor-element-22fef27 elementor-widget elementor-widget-heading\" data-id=\"22fef27\" data-element_type=\"widget\" data-e-type=\"widget\" data-widget_type=\"heading.default\">\n\t\t\t\t<div class=\"elementor-widget-container\">\n\t\t\t\t\t<h6 class=\"elementor-heading-title elementor-size-default\">Ecuador<\/h6>\t\t\t\t<\/div>\n\t\t\t\t<\/div>\n\t\t\t\t\t<\/div>\n\t\t<\/div>\n\t\t\t\t\t<\/div>\n\t\t<\/section>\n\t\t\t\t\t<\/div>\n\t\t<\/div>\n\t\t\t\t<div class=\"elementor-column elementor-col-20 elementor-inner-column elementor-element elementor-element-58319de\" data-id=\"58319de\" data-element_type=\"column\" data-e-type=\"column\">\n\t\t\t<div class=\"elementor-widget-wrap\">\n\t\t\t\t\t\t\t<\/div>\n\t\t<\/div>\n\t\t\t\t<div class=\"elementor-column elementor-col-20 elementor-inner-column elementor-element elementor-element-e29efba\" data-id=\"e29efba\" data-element_type=\"column\" data-e-type=\"column\">\n\t\t\t<div class=\"elementor-widget-wrap\">\n\t\t\t\t\t\t\t<\/div>\n\t\t<\/div>\n\t\t\t\t<div class=\"elementor-column elementor-col-20 elementor-inner-column elementor-element elementor-element-03b7b6b\" data-id=\"03b7b6b\" data-element_type=\"column\" data-e-type=\"column\">\n\t\t\t<div class=\"elementor-widget-wrap\">\n\t\t\t\t\t\t\t<\/div>\n\t\t<\/div>\n\t\t\t\t<div class=\"elementor-column elementor-col-20 elementor-inner-column elementor-element elementor-element-2904984\" data-id=\"2904984\" data-element_type=\"column\" data-e-type=\"column\">\n\t\t\t<div class=\"elementor-widget-wrap\">\n\t\t\t\t\t\t\t<\/div>\n\t\t<\/div>\n\t\t\t\t\t<\/div>\n\t\t<\/section>\n\t\t\t\t\t<\/div>\n\t\t<\/div>\n\t\t\t\t\t<\/div>\n\t\t<\/section>\n\t\t\t\t<section class=\"elementor-section elementor-top-section elementor-element elementor-element-b6324ab elementor-section-full_width elementor-section-height-default elementor-section-height-default\" data-id=\"b6324ab\" data-element_type=\"section\" data-e-type=\"section\">\n\t\t\t\t\t\t<div class=\"elementor-container elementor-column-gap-default\">\n\t\t\t\t\t<div class=\"elementor-column elementor-col-50 elementor-top-column elementor-element elementor-element-770d1d7\" data-id=\"770d1d7\" data-element_type=\"column\" data-e-type=\"column\" data-settings=\"{&quot;background_background&quot;:&quot;classic&quot;}\">\n\t\t\t<div class=\"elementor-widget-wrap elementor-element-populated\">\n\t\t\t\t\t\t<div class=\"elementor-element elementor-element-4501aed elementor-widget elementor-widget-heading\" data-id=\"4501aed\" data-element_type=\"widget\" data-e-type=\"widget\" data-widget_type=\"heading.default\">\n\t\t\t\t<div class=\"elementor-widget-container\">\n\t\t\t\t\t<h2 class=\"elementor-heading-title elementor-size-default\">Visit our online store<\/h2>\t\t\t\t<\/div>\n\t\t\t\t<\/div>\n\t\t\t\t<div class=\"elementor-element elementor-element-c3a9e75 elementor-widget elementor-widget-heading\" data-id=\"c3a9e75\" data-element_type=\"widget\" data-e-type=\"widget\" data-widget_type=\"heading.default\">\n\t\t\t\t<div class=\"elementor-widget-container\">\n\t\t\t\t\t<h2 class=\"elementor-heading-title elementor-size-default\">Enjoy our products and great offers <\/h2>\t\t\t\t<\/div>\n\t\t\t\t<\/div>\n\t\t\t\t<div class=\"elementor-element elementor-element-ca59793 elementor-widget elementor-widget-button\" data-id=\"ca59793\" data-element_type=\"widget\" data-e-type=\"widget\" data-widget_type=\"button.default\">\n\t\t\t\t<div class=\"elementor-widget-container\">\n\t\t\t\t\t\t\t\t\t<div class=\"elementor-button-wrapper\">\n\t\t\t\t\t<a class=\"elementor-button elementor-button-link elementor-size-sm elementor-animation-grow\" href=\"https:\/\/baratodo.com.ec\/\" target=\"_blank\">\n\t\t\t\t\t\t<span class=\"elementor-button-content-wrapper\">\n\t\t\t\t\t\t\t\t\t<span class=\"elementor-button-text\">WWW.BARATODO.COM.EC<\/span>\n\t\t\t\t\t<\/span>\n\t\t\t\t\t<\/a>\n\t\t\t\t<\/div>\n\t\t\t\t\t\t\t\t<\/div>\n\t\t\t\t<\/div>\n\t\t\t\t<div class=\"elementor-element elementor-element-9bb2cc5 elementor-widget-divider--view-line elementor-widget elementor-widget-divider\" data-id=\"9bb2cc5\" data-element_type=\"widget\" data-e-type=\"widget\" data-widget_type=\"divider.default\">\n\t\t\t\t<div class=\"elementor-widget-container\">\n\t\t\t\t\t\t\t<div class=\"elementor-divider\">\n\t\t\t<span class=\"elementor-divider-separator\">\n\t\t\t\t\t\t<\/span>\n\t\t<\/div>\n\t\t\t\t\t\t<\/div>\n\t\t\t\t<\/div>\n\t\t\t\t<div class=\"elementor-element elementor-element-8198330 elementor-widget__width-initial elementor-widget elementor-widget-heading\" data-id=\"8198330\" data-element_type=\"widget\" data-e-type=\"widget\" data-widget_type=\"heading.default\">\n\t\t\t\t<div class=\"elementor-widget-container\">\n\t\t\t\t\t<h2 class=\"elementor-heading-title elementor-size-default\"><a href=\"https:\/\/grupounicomer.com\/en\/about-us\/#mapa-marcas\"><b>Connect with us!<\/b> Visit our social media platforms per country<\/a><\/h2>\t\t\t\t<\/div>\n\t\t\t\t<\/div>\n\t\t\t\t<div class=\"elementor-element elementor-element-4c3d370 elementor-widget__width-auto elementor-view-default elementor-widget elementor-widget-icon\" data-id=\"4c3d370\" data-element_type=\"widget\" data-e-type=\"widget\" data-widget_type=\"icon.default\">\n\t\t\t\t<div class=\"elementor-widget-container\">\n\t\t\t\t\t\t\t<div class=\"elementor-icon-wrapper\">\n\t\t\t<a class=\"elementor-icon\" href=\"https:\/\/grupounicomer.com\/en\/about-us\/#mapa-marcas\">\n\t\t\t<i aria-hidden=\"true\" class=\"fas fa-arrow-circle-right\"><\/i>\t\t\t<\/a>\n\t\t<\/div>\n\t\t\t\t\t\t<\/div>\n\t\t\t\t<\/div>\n\t\t\t\t\t<\/div>\n\t\t<\/div>\n\t\t\t\t<div class=\"elementor-column elementor-col-50 elementor-top-column elementor-element elementor-element-99c652b\" data-id=\"99c652b\" data-element_type=\"column\" data-e-type=\"column\" data-settings=\"{&quot;background_background&quot;:&quot;classic&quot;}\">\n\t\t\t<div class=\"elementor-widget-wrap elementor-element-populated\">\n\t\t\t\t\t\t<div class=\"elementor-element elementor-element-d9faee4 elementor-widget elementor-widget-spacer\" data-id=\"d9faee4\" data-element_type=\"widget\" data-e-type=\"widget\" data-widget_type=\"spacer.default\">\n\t\t\t\t<div class=\"elementor-widget-container\">\n\t\t\t\t\t\t\t<div class=\"elementor-spacer\">\n\t\t\t<div class=\"elementor-spacer-inner\"><\/div>\n\t\t<\/div>\n\t\t\t\t\t\t<\/div>\n\t\t\t\t<\/div>\n\t\t\t\t\t<\/div>\n\t\t<\/div>\n\t\t\t\t\t<\/div>\n\t\t<\/section>\n\t\t\t\t<\/div>","protected":false},"excerpt":{"rendered":"<p>Baratodo F\u00e1cil de comprar y barato de pagar El personaje Baratito nace en 2014 para darle una cara amigable a la cadena, ofreciendo siempre los mejores precios con una sonrisa y un poco de magia. Baratodo naci\u00f3 con el objetivo de incrementar la participaci\u00f3n de mercado, a trav\u00e9s de la creaci\u00f3n de un nuevo competidor. [&hellip;]<\/p>\n","protected":false},"author":3,"featured_media":13113,"parent":0,"menu_order":0,"comment_status":"closed","ping_status":"closed","template":"elementor_header_footer","meta":{"footnotes":""},"class_list":["post-13100","page","type-page","status-publish","has-post-thumbnail","hentry"],"yoast_head":"<!-- This site is optimized with the Yoast SEO plugin v27.4 - https:\/\/yoast.com\/product\/yoast-seo-wordpress\/ -->\n<title>Marcas - Baratodo - Grupo Unicomer<\/title>\n<meta name=\"description\" content=\"Baratodo Ecuador: Comodidad y ahorro en tus compras | Variedad en muebles y m\u00e1s | \u00a1Aprende m\u00e1s sobre nosotros!\" \/>\n<meta name=\"robots\" content=\"index, follow, max-snippet:-1, max-image-preview:large, max-video-preview:-1\" \/>\n<link rel=\"canonical\" href=\"https:\/\/grupounicomer.com\/en\/baratodo-chains\/\" \/>\n<meta property=\"og:locale\" content=\"en_US\" \/>\n<meta property=\"og:type\" content=\"article\" \/>\n<meta property=\"og:title\" content=\"Marcas - Baratodo - Grupo Unicomer\" \/>\n<meta property=\"og:description\" content=\"Baratodo Ecuador: Comodidad y ahorro en tus compras | Variedad en muebles y m\u00e1s | \u00a1Aprende m\u00e1s sobre nosotros!\" \/>\n<meta property=\"og:url\" content=\"https:\/\/grupounicomer.com\/en\/baratodo-chains\/\" \/>\n<meta property=\"og:site_name\" content=\"Grupo Unicomer\" \/>\n<meta property=\"article:modified_time\" content=\"2025-07-04T22:50:47+00:00\" \/>\n<meta property=\"og:image\" content=\"https:\/\/grupounicomer.com\/wp-content\/uploads\/2023\/01\/Baratodo2.jpg\" \/>\n\t<meta property=\"og:image:width\" content=\"1520\" \/>\n\t<meta property=\"og:image:height\" content=\"1568\" \/>\n\t<meta property=\"og:image:type\" content=\"image\/jpeg\" \/>\n<meta name=\"twitter:card\" content=\"summary_large_image\" \/>\n<meta name=\"twitter:label1\" content=\"Est. reading time\" \/>\n\t<meta name=\"twitter:data1\" content=\"2 minutes\" \/>\n<script type=\"application\/ld+json\" class=\"yoast-schema-graph\">{\"@context\":\"https:\\\/\\\/schema.org\",\"@graph\":[{\"@type\":\"WebPage\",\"@id\":\"https:\\\/\\\/grupounicomer.com\\\/baratodo-marcas\\\/\",\"url\":\"https:\\\/\\\/grupounicomer.com\\\/baratodo-marcas\\\/\",\"name\":\"Marcas - Baratodo - Grupo Unicomer\",\"isPartOf\":{\"@id\":\"https:\\\/\\\/grupounicomer.com\\\/#website\"},\"primaryImageOfPage\":{\"@id\":\"https:\\\/\\\/grupounicomer.com\\\/baratodo-marcas\\\/#primaryimage\"},\"image\":{\"@id\":\"https:\\\/\\\/grupounicomer.com\\\/baratodo-marcas\\\/#primaryimage\"},\"thumbnailUrl\":\"https:\\\/\\\/grupounicomer.com\\\/wp-content\\\/uploads\\\/2023\\\/01\\\/Baratodo2.jpg\",\"datePublished\":\"2023-01-24T20:19:42+00:00\",\"dateModified\":\"2025-07-04T22:50:47+00:00\",\"description\":\"Baratodo Ecuador: Comodidad y ahorro en tus compras | Variedad en muebles y m\u00e1s | \u00a1Aprende m\u00e1s sobre nosotros!\",\"breadcrumb\":{\"@id\":\"https:\\\/\\\/grupounicomer.com\\\/baratodo-marcas\\\/#breadcrumb\"},\"inLanguage\":\"en-US\",\"potentialAction\":[{\"@type\":\"ReadAction\",\"target\":[\"https:\\\/\\\/grupounicomer.com\\\/baratodo-marcas\\\/\"]}]},{\"@type\":\"ImageObject\",\"inLanguage\":\"en-US\",\"@id\":\"https:\\\/\\\/grupounicomer.com\\\/baratodo-marcas\\\/#primaryimage\",\"url\":\"https:\\\/\\\/grupounicomer.com\\\/wp-content\\\/uploads\\\/2023\\\/01\\\/Baratodo2.jpg\",\"contentUrl\":\"https:\\\/\\\/grupounicomer.com\\\/wp-content\\\/uploads\\\/2023\\\/01\\\/Baratodo2.jpg\",\"width\":1520,\"height\":1568,\"caption\":\"baratodo colaborador tienda\"},{\"@type\":\"BreadcrumbList\",\"@id\":\"https:\\\/\\\/grupounicomer.com\\\/baratodo-marcas\\\/#breadcrumb\",\"itemListElement\":[{\"@type\":\"ListItem\",\"position\":1,\"name\":\"Portada\",\"item\":\"https:\\\/\\\/grupounicomer.com\\\/\"},{\"@type\":\"ListItem\",\"position\":2,\"name\":\"Marcas &#8211; Baratodo\"}]},{\"@type\":\"WebSite\",\"@id\":\"https:\\\/\\\/grupounicomer.com\\\/#website\",\"url\":\"https:\\\/\\\/grupounicomer.com\\\/\",\"name\":\"Grupo Unicomer\",\"description\":\"Creamos oportunidades para que todos alcancen su bienestar\",\"potentialAction\":[{\"@type\":\"SearchAction\",\"target\":{\"@type\":\"EntryPoint\",\"urlTemplate\":\"https:\\\/\\\/grupounicomer.com\\\/?s={search_term_string}\"},\"query-input\":{\"@type\":\"PropertyValueSpecification\",\"valueRequired\":true,\"valueName\":\"search_term_string\"}}],\"inLanguage\":\"en-US\"}]}<\/script>\n<!-- \/ Yoast SEO plugin. -->","yoast_head_json":{"title":"Baratodo - Chain - Unicomer Group","description":"Baratodo Ecuador: Convenience and savings on your purchases | Variety in furniture and more | Learn more about us!","robots":{"index":"index","follow":"follow","max-snippet":"max-snippet:-1","max-image-preview":"max-image-preview:large","max-video-preview":"max-video-preview:-1"},"canonical":"https:\/\/grupounicomer.com\/en\/baratodo-chains\/","og_locale":"en_US","og_type":"article","og_title":"Marcas - Baratodo - Grupo Unicomer","og_description":"Baratodo Ecuador: Comodidad y ahorro en tus compras | Variedad en muebles y m\u00e1s | \u00a1Aprende m\u00e1s sobre nosotros!","og_url":"https:\/\/grupounicomer.com\/en\/baratodo-chains\/","og_site_name":"Grupo Unicomer","article_modified_time":"2025-07-04T22:50:47+00:00","og_image":[{"width":1520,"height":1568,"url":"https:\/\/grupounicomer.com\/wp-content\/uploads\/2023\/01\/Baratodo2.jpg","type":"image\/jpeg"}],"twitter_card":"summary_large_image","twitter_misc":{"Est. reading time":"2 minutes"},"schema":{"@context":"https:\/\/schema.org","@graph":[{"@type":"WebPage","@id":"https:\/\/grupounicomer.com\/baratodo-marcas\/","url":"https:\/\/grupounicomer.com\/baratodo-marcas\/","name":"Baratodo - Chain - Unicomer Group","isPartOf":{"@id":"https:\/\/grupounicomer.com\/#website"},"primaryImageOfPage":{"@id":"https:\/\/grupounicomer.com\/baratodo-marcas\/#primaryimage"},"image":{"@id":"https:\/\/grupounicomer.com\/baratodo-marcas\/#primaryimage"},"thumbnailUrl":"https:\/\/grupounicomer.com\/wp-content\/uploads\/2023\/01\/Baratodo2.jpg","datePublished":"2023-01-24T20:19:42+00:00","dateModified":"2025-07-04T22:50:47+00:00","description":"Baratodo Ecuador: Convenience and savings on your purchases | Variety in furniture and more | Learn more about us!","breadcrumb":{"@id":"https:\/\/grupounicomer.com\/baratodo-marcas\/#breadcrumb"},"inLanguage":"en-US","potentialAction":[{"@type":"ReadAction","target":["https:\/\/grupounicomer.com\/baratodo-marcas\/"]}]},{"@type":"ImageObject","inLanguage":"en-US","@id":"https:\/\/grupounicomer.com\/baratodo-marcas\/#primaryimage","url":"https:\/\/grupounicomer.com\/wp-content\/uploads\/2023\/01\/Baratodo2.jpg","contentUrl":"https:\/\/grupounicomer.com\/wp-content\/uploads\/2023\/01\/Baratodo2.jpg","width":1520,"height":1568,"caption":"baratodo colaborador tienda"},{"@type":"BreadcrumbList","@id":"https:\/\/grupounicomer.com\/baratodo-marcas\/#breadcrumb","itemListElement":[{"@type":"ListItem","position":1,"name":"Portada","item":"https:\/\/grupounicomer.com\/"},{"@type":"ListItem","position":2,"name":"Marcas &#8211; Baratodo"}]},{"@type":"WebSite","@id":"https:\/\/grupounicomer.com\/#website","url":"https:\/\/grupounicomer.com\/","name":"Unicomer Group","description":"Creamos oportunidades para que todos alcancen su bienestar","potentialAction":[{"@type":"SearchAction","target":{"@type":"EntryPoint","urlTemplate":"https:\/\/grupounicomer.com\/?s={search_term_string}"},"query-input":{"@type":"PropertyValueSpecification","valueRequired":true,"valueName":"search_term_string"}}],"inLanguage":"en-US"}]}},"_links":{"self":[{"href":"https:\/\/grupounicomer.com\/en\/wp-json\/wp\/v2\/pages\/13100","targetHints":{"allow":["GET"]}}],"collection":[{"href":"https:\/\/grupounicomer.com\/en\/wp-json\/wp\/v2\/pages"}],"about":[{"href":"https:\/\/grupounicomer.com\/en\/wp-json\/wp\/v2\/types\/page"}],"author":[{"embeddable":true,"href":"https:\/\/grupounicomer.com\/en\/wp-json\/wp\/v2\/users\/3"}],"replies":[{"embeddable":true,"href":"https:\/\/grupounicomer.com\/en\/wp-json\/wp\/v2\/comments?post=13100"}],"version-history":[{"count":71,"href":"https:\/\/grupounicomer.com\/en\/wp-json\/wp\/v2\/pages\/13100\/revisions"}],"predecessor-version":[{"id":21441,"href":"https:\/\/grupounicomer.com\/en\/wp-json\/wp\/v2\/pages\/13100\/revisions\/21441"}],"wp:featuredmedia":[{"embeddable":true,"href":"https:\/\/grupounicomer.com\/en\/wp-json\/wp\/v2\/media\/13113"}],"wp:attachment":[{"href":"https:\/\/grupounicomer.com\/en\/wp-json\/wp\/v2\/media?parent=13100"}],"curies":[{"name":"wp","href":"https:\/\/api.w.org\/{rel}","templated":true}]}}