{"id":20380,"date":"2024-07-03T19:56:07","date_gmt":"2024-07-03T19:56:07","guid":{"rendered":"https:\/\/grupounicomer.com\/?page_id=20380"},"modified":"2025-08-16T15:19:44","modified_gmt":"2025-08-16T15:19:44","slug":"buy-with-radioshack","status":"publish","type":"page","link":"https:\/\/grupounicomer.com\/en\/compra-con-radioshack\/","title":{"rendered":"Compra con RadioShack"},"content":{"rendered":"<div data-elementor-type=\"wp-page\" data-elementor-id=\"20380\" class=\"elementor elementor-20380\" data-elementor-post-type=\"page\">\n\t\t\t\t<div class=\"elementor-element elementor-element-cf04aa4 e-flex e-con-boxed e-con e-parent\" data-id=\"cf04aa4\" data-element_type=\"container\" data-e-type=\"container\">\n\t\t\t\t\t<div class=\"e-con-inner\">\n\t\t<div class=\"elementor-element elementor-element-cf85420 e-con-full e-flex e-con e-child\" data-id=\"cf85420\" data-element_type=\"container\" data-e-type=\"container\" data-settings=\"{&quot;background_background&quot;:&quot;gradient&quot;}\">\n\t\t\t\t<div class=\"elementor-element elementor-element-8fb262f elementor-widget-divider--view-line elementor-widget elementor-widget-divider\" data-id=\"8fb262f\" data-element_type=\"widget\" data-e-type=\"widget\" data-widget_type=\"divider.default\">\n\t\t\t\t<div class=\"elementor-widget-container\">\n\t\t\t\t\t\t\t<div class=\"elementor-divider\">\n\t\t\t<span class=\"elementor-divider-separator\">\n\t\t\t\t\t\t<\/span>\n\t\t<\/div>\n\t\t\t\t\t\t<\/div>\n\t\t\t\t<\/div>\n\t\t\t\t<div class=\"elementor-element elementor-element-9c00393 elementor-widget elementor-widget-image\" data-id=\"9c00393\" data-element_type=\"widget\" data-e-type=\"widget\" data-widget_type=\"image.default\">\n\t\t\t\t<div class=\"elementor-widget-container\">\n\t\t\t\t\t\t\t\t\t\t\t\t\t\t\t<img decoding=\"async\" width=\"123\" height=\"57\" src=\"https:\/\/grupounicomer.com\/wp-content\/uploads\/2023\/01\/radioshack-compra.svg\" class=\"attachment-thumbnail size-thumbnail wp-image-20270\" alt=\"\" \/>\t\t\t\t\t\t\t\t\t\t\t\t\t\t\t<\/div>\n\t\t\t\t<\/div>\n\t\t\t\t<div class=\"elementor-element elementor-element-98e2bd9 elementor-widget elementor-widget-heading\" data-id=\"98e2bd9\" data-element_type=\"widget\" data-e-type=\"widget\" data-widget_type=\"heading.default\">\n\t\t\t\t<div class=\"elementor-widget-container\">\n\t\t\t\t\t<h2 class=\"elementor-heading-title elementor-size-default\">Select a region<\/h2>\t\t\t\t<\/div>\n\t\t\t\t<\/div>\n\t\t<div class=\"elementor-element elementor-element-f0740bc e-grid e-con-boxed e-con e-child\" data-id=\"f0740bc\" data-element_type=\"container\" data-e-type=\"container\">\n\t\t\t\t\t<div class=\"e-con-inner\">\n\t\t<div class=\"elementor-element elementor-element-e71863a columnas-marcas e-con-full e-flex e-con e-child\" data-id=\"e71863a\" data-element_type=\"container\" data-e-type=\"container\" data-settings=\"{&quot;background_background&quot;:&quot;classic&quot;}\">\n\t\t\t\t<div class=\"elementor-element elementor-element-05a3c1d elementor-widget elementor-widget-image\" data-id=\"05a3c1d\" data-element_type=\"widget\" data-e-type=\"widget\" data-widget_type=\"image.default\">\n\t\t\t\t<div class=\"elementor-widget-container\">\n\t\t\t\t\t\t\t\t\t\t\t\t\t\t\t\t<a href=\"http:\/\/www.radioshack.com\">\n\t\t\t\t\t\t\t<img fetchpriority=\"high\" decoding=\"async\" width=\"282\" height=\"413\" src=\"https:\/\/grupounicomer.com\/wp-content\/uploads\/2024\/07\/Radioshack-usa-compra.png\" class=\"attachment-large size-large wp-image-20416\" alt=\"\" srcset=\"https:\/\/grupounicomer.com\/wp-content\/uploads\/2024\/07\/Radioshack-usa-compra.png 282w, https:\/\/grupounicomer.com\/wp-content\/uploads\/2024\/07\/Radioshack-usa-compra-205x300.png 205w, https:\/\/grupounicomer.com\/wp-content\/uploads\/2024\/07\/Radioshack-usa-compra-8x12.png 8w\" sizes=\"(max-width: 282px) 100vw, 282px\" \/>\t\t\t\t\t\t\t\t<\/a>\n\t\t\t\t\t\t\t\t\t\t\t\t\t\t\t<\/div>\n\t\t\t\t<\/div>\n\t\t\t\t<div class=\"elementor-element elementor-element-d5d19f9 elementor-widget elementor-widget-heading\" data-id=\"d5d19f9\" data-element_type=\"widget\" data-e-type=\"widget\" data-widget_type=\"heading.default\">\n\t\t\t\t<div class=\"elementor-widget-container\">\n\t\t\t\t\t<h2 class=\"elementor-heading-title elementor-size-default\"><a href=\"http:\/\/www.radioshack.com\">RadioShack <br>\nUSA<\/a><\/h2>\t\t\t\t<\/div>\n\t\t\t\t<\/div>\n\t\t\t\t<\/div>\n\t\t<div class=\"elementor-element elementor-element-975ccdc columnas-marcas e-con-full e-flex e-con e-child\" data-id=\"975ccdc\" data-element_type=\"container\" data-e-type=\"container\" data-settings=\"{&quot;background_background&quot;:&quot;classic&quot;}\">\n\t\t\t\t<div class=\"elementor-element elementor-element-ba30870 elementor-widget elementor-widget-image\" data-id=\"ba30870\" data-element_type=\"widget\" data-e-type=\"widget\" data-widget_type=\"image.default\">\n\t\t\t\t<div class=\"elementor-widget-container\">\n\t\t\t\t\t\t\t\t\t\t\t\t\t\t\t\t<a href=\"https:\/\/www.radioshackla.com\/\">\n\t\t\t\t\t\t\t<img decoding=\"async\" width=\"282\" height=\"413\" src=\"https:\/\/grupounicomer.com\/wp-content\/uploads\/2024\/07\/Radioshack-CA-CAR-compra.png\" class=\"attachment-large size-large wp-image-20415\" alt=\"\" srcset=\"https:\/\/grupounicomer.com\/wp-content\/uploads\/2024\/07\/Radioshack-CA-CAR-compra.png 282w, https:\/\/grupounicomer.com\/wp-content\/uploads\/2024\/07\/Radioshack-CA-CAR-compra-205x300.png 205w, https:\/\/grupounicomer.com\/wp-content\/uploads\/2024\/07\/Radioshack-CA-CAR-compra-8x12.png 8w\" sizes=\"(max-width: 282px) 100vw, 282px\" \/>\t\t\t\t\t\t\t\t<\/a>\n\t\t\t\t\t\t\t\t\t\t\t\t\t\t\t<\/div>\n\t\t\t\t<\/div>\n\t\t\t\t<div class=\"elementor-element elementor-element-9db1676 elementor-widget elementor-widget-heading\" data-id=\"9db1676\" data-element_type=\"widget\" data-e-type=\"widget\" data-widget_type=\"heading.default\">\n\t\t\t\t<div class=\"elementor-widget-container\">\n\t\t\t\t\t<h2 class=\"elementor-heading-title elementor-size-default\"><a href=\"https:\/\/www.radioshackla.com\/\">RadioShack Central America and The Caribbean<\/a><\/h2>\t\t\t\t<\/div>\n\t\t\t\t<\/div>\n\t\t\t\t<\/div>\n\t\t<div class=\"elementor-element elementor-element-c1892c8 columnas-marcas e-con-full e-flex e-con e-child\" data-id=\"c1892c8\" data-element_type=\"container\" data-e-type=\"container\" data-settings=\"{&quot;background_background&quot;:&quot;classic&quot;}\">\n\t\t\t\t<div class=\"elementor-element elementor-element-3913e1b elementor-widget elementor-widget-image\" data-id=\"3913e1b\" data-element_type=\"widget\" data-e-type=\"widget\" data-widget_type=\"image.default\">\n\t\t\t\t<div class=\"elementor-widget-container\">\n\t\t\t\t\t\t\t\t\t\t\t\t\t\t\t\t<a href=\"https:\/\/www.radioshack.com.ec\/\">\n\t\t\t\t\t\t\t<img loading=\"lazy\" decoding=\"async\" width=\"270\" height=\"401\" src=\"https:\/\/grupounicomer.com\/wp-content\/uploads\/2024\/07\/Radioshack-sur-america-compra.png\" class=\"attachment-large size-large wp-image-20414\" alt=\"\" srcset=\"https:\/\/grupounicomer.com\/wp-content\/uploads\/2024\/07\/Radioshack-sur-america-compra.png 270w, https:\/\/grupounicomer.com\/wp-content\/uploads\/2024\/07\/Radioshack-sur-america-compra-202x300.png 202w, https:\/\/grupounicomer.com\/wp-content\/uploads\/2024\/07\/Radioshack-sur-america-compra-8x12.png 8w\" sizes=\"(max-width: 270px) 100vw, 270px\" \/>\t\t\t\t\t\t\t\t<\/a>\n\t\t\t\t\t\t\t\t\t\t\t\t\t\t\t<\/div>\n\t\t\t\t<\/div>\n\t\t\t\t<div class=\"elementor-element elementor-element-88da12e elementor-widget elementor-widget-heading\" data-id=\"88da12e\" data-element_type=\"widget\" data-e-type=\"widget\" data-widget_type=\"heading.default\">\n\t\t\t\t<div class=\"elementor-widget-container\">\n\t\t\t\t\t<h2 class=\"elementor-heading-title elementor-size-default\"><a href=\"https:\/\/www.radioshack.com.ec\/\">RadioShack <br>\nSouth America<\/a><\/h2>\t\t\t\t<\/div>\n\t\t\t\t<\/div>\n\t\t\t\t<\/div>\n\t\t\t\t\t<\/div>\n\t\t\t\t<\/div>\n\t\t\t\t<\/div>\n\t\t\t\t\t<\/div>\n\t\t\t\t<\/div>\n\t\t\t\t<\/div>","protected":false},"excerpt":{"rendered":"<p>Selecciona una regi\u00f3n RadioShack USA RadioShack Centroam\u00e9rica y El Caribe RadioShack Sur Am\u00e9rica<\/p>","protected":false},"author":3,"featured_media":0,"parent":0,"menu_order":0,"comment_status":"closed","ping_status":"closed","template":"elementor_header_footer","meta":{"footnotes":""},"class_list":["post-20380","page","type-page","status-publish","hentry"],"yoast_head":"<!-- This site is optimized with the Yoast SEO plugin v27.4 - https:\/\/yoast.com\/product\/yoast-seo-wordpress\/ -->\n<title>Compra con RadioShack - Grupo Unicomer<\/title>\n<meta name=\"description\" content=\"Compra con RadioShack en nuestra tienda en l\u00ednea y descubre una amplia gama de productos de tecnolog\u00eda y vanguardia.\" \/>\n<meta name=\"robots\" content=\"index, follow, max-snippet:-1, max-image-preview:large, max-video-preview:-1\" \/>\n<link rel=\"canonical\" href=\"https:\/\/grupounicomer.com\/en\/buy-with-radioshack\/\" \/>\n<meta property=\"og:locale\" content=\"en_US\" \/>\n<meta property=\"og:type\" content=\"article\" \/>\n<meta property=\"og:title\" content=\"Compra con RadioShack - Grupo Unicomer\" \/>\n<meta property=\"og:description\" content=\"Compra con RadioShack en nuestra tienda en l\u00ednea y descubre una amplia gama de productos de tecnolog\u00eda y vanguardia.\" \/>\n<meta property=\"og:url\" content=\"https:\/\/grupounicomer.com\/en\/buy-with-radioshack\/\" \/>\n<meta property=\"og:site_name\" content=\"Grupo Unicomer\" \/>\n<meta property=\"article:modified_time\" content=\"2025-08-16T15:19:44+00:00\" \/>\n<meta name=\"twitter:card\" content=\"summary_large_image\" \/>\n<meta name=\"twitter:label1\" content=\"Est. reading time\" \/>\n\t<meta name=\"twitter:data1\" content=\"1 minute\" \/>\n<script type=\"application\/ld+json\" class=\"yoast-schema-graph\">{\"@context\":\"https:\\\/\\\/schema.org\",\"@graph\":[{\"@type\":\"WebPage\",\"@id\":\"https:\\\/\\\/grupounicomer.com\\\/compra-con-radioshack\\\/\",\"url\":\"https:\\\/\\\/grupounicomer.com\\\/compra-con-radioshack\\\/\",\"name\":\"Compra con RadioShack - Grupo Unicomer\",\"isPartOf\":{\"@id\":\"https:\\\/\\\/grupounicomer.com\\\/#website\"},\"primaryImageOfPage\":{\"@id\":\"https:\\\/\\\/grupounicomer.com\\\/compra-con-radioshack\\\/#primaryimage\"},\"image\":{\"@id\":\"https:\\\/\\\/grupounicomer.com\\\/compra-con-radioshack\\\/#primaryimage\"},\"thumbnailUrl\":\"https:\\\/\\\/grupounicomer.com\\\/wp-content\\\/uploads\\\/2023\\\/01\\\/radioshack-compra.svg\",\"datePublished\":\"2024-07-03T19:56:07+00:00\",\"dateModified\":\"2025-08-16T15:19:44+00:00\",\"description\":\"Compra con RadioShack en nuestra tienda en l\u00ednea y descubre una amplia gama de productos de tecnolog\u00eda y vanguardia.\",\"breadcrumb\":{\"@id\":\"https:\\\/\\\/grupounicomer.com\\\/compra-con-radioshack\\\/#breadcrumb\"},\"inLanguage\":\"en-US\",\"potentialAction\":[{\"@type\":\"ReadAction\",\"target\":[\"https:\\\/\\\/grupounicomer.com\\\/compra-con-radioshack\\\/\"]}]},{\"@type\":\"ImageObject\",\"inLanguage\":\"en-US\",\"@id\":\"https:\\\/\\\/grupounicomer.com\\\/compra-con-radioshack\\\/#primaryimage\",\"url\":\"https:\\\/\\\/grupounicomer.com\\\/wp-content\\\/uploads\\\/2023\\\/01\\\/radioshack-compra.svg\",\"contentUrl\":\"https:\\\/\\\/grupounicomer.com\\\/wp-content\\\/uploads\\\/2023\\\/01\\\/radioshack-compra.svg\"},{\"@type\":\"BreadcrumbList\",\"@id\":\"https:\\\/\\\/grupounicomer.com\\\/compra-con-radioshack\\\/#breadcrumb\",\"itemListElement\":[{\"@type\":\"ListItem\",\"position\":1,\"name\":\"Portada\",\"item\":\"https:\\\/\\\/grupounicomer.com\\\/\"},{\"@type\":\"ListItem\",\"position\":2,\"name\":\"Compra con RadioShack\"}]},{\"@type\":\"WebSite\",\"@id\":\"https:\\\/\\\/grupounicomer.com\\\/#website\",\"url\":\"https:\\\/\\\/grupounicomer.com\\\/\",\"name\":\"Grupo Unicomer\",\"description\":\"Creamos oportunidades para que todos alcancen su bienestar\",\"potentialAction\":[{\"@type\":\"SearchAction\",\"target\":{\"@type\":\"EntryPoint\",\"urlTemplate\":\"https:\\\/\\\/grupounicomer.com\\\/?s={search_term_string}\"},\"query-input\":{\"@type\":\"PropertyValueSpecification\",\"valueRequired\":true,\"valueName\":\"search_term_string\"}}],\"inLanguage\":\"en-US\"}]}<\/script>\n<!-- \/ Yoast SEO plugin. -->","yoast_head_json":{"title":"Compra con RadioShack - Grupo Unicomer","description":"Compra con RadioShack en nuestra tienda en l\u00ednea y descubre una amplia gama de productos de tecnolog\u00eda y vanguardia.","robots":{"index":"index","follow":"follow","max-snippet":"max-snippet:-1","max-image-preview":"max-image-preview:large","max-video-preview":"max-video-preview:-1"},"canonical":"https:\/\/grupounicomer.com\/en\/buy-with-radioshack\/","og_locale":"en_US","og_type":"article","og_title":"Compra con RadioShack - Grupo Unicomer","og_description":"Compra con RadioShack en nuestra tienda en l\u00ednea y descubre una amplia gama de productos de tecnolog\u00eda y vanguardia.","og_url":"https:\/\/grupounicomer.com\/en\/buy-with-radioshack\/","og_site_name":"Grupo Unicomer","article_modified_time":"2025-08-16T15:19:44+00:00","twitter_card":"summary_large_image","twitter_misc":{"Est. reading time":"1 minute"},"schema":{"@context":"https:\/\/schema.org","@graph":[{"@type":"WebPage","@id":"https:\/\/grupounicomer.com\/compra-con-radioshack\/","url":"https:\/\/grupounicomer.com\/compra-con-radioshack\/","name":"Compra con RadioShack - Grupo Unicomer","isPartOf":{"@id":"https:\/\/grupounicomer.com\/#website"},"primaryImageOfPage":{"@id":"https:\/\/grupounicomer.com\/compra-con-radioshack\/#primaryimage"},"image":{"@id":"https:\/\/grupounicomer.com\/compra-con-radioshack\/#primaryimage"},"thumbnailUrl":"https:\/\/grupounicomer.com\/wp-content\/uploads\/2023\/01\/radioshack-compra.svg","datePublished":"2024-07-03T19:56:07+00:00","dateModified":"2025-08-16T15:19:44+00:00","description":"Compra con RadioShack en nuestra tienda en l\u00ednea y descubre una amplia gama de productos de tecnolog\u00eda y vanguardia.","breadcrumb":{"@id":"https:\/\/grupounicomer.com\/compra-con-radioshack\/#breadcrumb"},"inLanguage":"en-US","potentialAction":[{"@type":"ReadAction","target":["https:\/\/grupounicomer.com\/compra-con-radioshack\/"]}]},{"@type":"ImageObject","inLanguage":"en-US","@id":"https:\/\/grupounicomer.com\/compra-con-radioshack\/#primaryimage","url":"https:\/\/grupounicomer.com\/wp-content\/uploads\/2023\/01\/radioshack-compra.svg","contentUrl":"https:\/\/grupounicomer.com\/wp-content\/uploads\/2023\/01\/radioshack-compra.svg"},{"@type":"BreadcrumbList","@id":"https:\/\/grupounicomer.com\/compra-con-radioshack\/#breadcrumb","itemListElement":[{"@type":"ListItem","position":1,"name":"Portada","item":"https:\/\/grupounicomer.com\/"},{"@type":"ListItem","position":2,"name":"Compra con RadioShack"}]},{"@type":"WebSite","@id":"https:\/\/grupounicomer.com\/#website","url":"https:\/\/grupounicomer.com\/","name":"Unicomer Group","description":"Creamos oportunidades para que todos alcancen su bienestar","potentialAction":[{"@type":"SearchAction","target":{"@type":"EntryPoint","urlTemplate":"https:\/\/grupounicomer.com\/?s={search_term_string}"},"query-input":{"@type":"PropertyValueSpecification","valueRequired":true,"valueName":"search_term_string"}}],"inLanguage":"en-US"}]}},"_links":{"self":[{"href":"https:\/\/grupounicomer.com\/en\/wp-json\/wp\/v2\/pages\/20380","targetHints":{"allow":["GET"]}}],"collection":[{"href":"https:\/\/grupounicomer.com\/en\/wp-json\/wp\/v2\/pages"}],"about":[{"href":"https:\/\/grupounicomer.com\/en\/wp-json\/wp\/v2\/types\/page"}],"author":[{"embeddable":true,"href":"https:\/\/grupounicomer.com\/en\/wp-json\/wp\/v2\/users\/3"}],"replies":[{"embeddable":true,"href":"https:\/\/grupounicomer.com\/en\/wp-json\/wp\/v2\/comments?post=20380"}],"version-history":[{"count":68,"href":"https:\/\/grupounicomer.com\/en\/wp-json\/wp\/v2\/pages\/20380\/revisions"}],"predecessor-version":[{"id":21786,"href":"https:\/\/grupounicomer.com\/en\/wp-json\/wp\/v2\/pages\/20380\/revisions\/21786"}],"wp:attachment":[{"href":"https:\/\/grupounicomer.com\/en\/wp-json\/wp\/v2\/media?parent=20380"}],"curies":[{"name":"wp","href":"https:\/\/api.w.org\/{rel}","templated":true}]}}