{"id":9127,"date":"2022-12-28T15:19:13","date_gmt":"2022-12-28T15:19:13","guid":{"rendered":"http:\/\/35.237.96.127\/?page_id=9127"},"modified":"2025-08-15T04:55:14","modified_gmt":"2025-08-15T04:55:14","slug":"leadership","status":"publish","type":"page","link":"https:\/\/grupounicomer.com\/en\/liderazgo\/","title":{"rendered":"Leadership"},"content":{"rendered":"<div data-elementor-type=\"wp-page\" data-elementor-id=\"9127\" class=\"elementor elementor-9127\" data-elementor-post-type=\"page\">\n\t\t\t\t\t\t<section class=\"elementor-section elementor-top-section elementor-element elementor-element-d75ceb4 elementor-section-full_width elementor-section-height-default elementor-section-height-default\" data-id=\"d75ceb4\" data-element_type=\"section\" data-e-type=\"section\" data-settings=\"{&quot;background_background&quot;:&quot;classic&quot;}\">\n\t\t\t\t\t\t<div class=\"elementor-container elementor-column-gap-default\">\n\t\t\t\t\t<div class=\"elementor-column elementor-col-50 elementor-top-column elementor-element elementor-element-1cb8887\" data-id=\"1cb8887\" data-element_type=\"column\" data-e-type=\"column\" data-settings=\"{&quot;background_background&quot;:&quot;classic&quot;}\">\n\t\t\t<div class=\"elementor-widget-wrap elementor-element-populated\">\n\t\t\t\t\t\t<div class=\"elementor-element elementor-element-a4f438b elementor-widget elementor-widget-heading\" data-id=\"a4f438b\" data-element_type=\"widget\" data-e-type=\"widget\" data-no-translation=\"\" data-widget_type=\"heading.default\">\n\t\t\t\t<div class=\"elementor-widget-container\">\n\t\t\t\t\t<style>.elementor-element-a4f438b{display:none !important}<\/style>\t\t\t\t<\/div>\n\t\t\t\t<\/div>\n\t\t\t\t<div class=\"elementor-element elementor-element-1cbe4bd elementor-widget elementor-widget-heading\" data-id=\"1cbe4bd\" data-element_type=\"widget\" data-e-type=\"widget\" data-no-translation=\"\" data-widget_type=\"heading.default\">\n\t\t\t\t<div class=\"elementor-widget-container\">\n\t\t\t\t\t<h2 class=\"elementor-heading-title elementor-size-default\">If I should describe what Unicomer Group means for me<\/h2>\t\t\t\t<\/div>\n\t\t\t\t<\/div>\n\t\t\t\t<div class=\"elementor-element elementor-element-eb6cc9c elementor-widget elementor-widget-text-editor\" data-id=\"eb6cc9c\" data-element_type=\"widget\" data-e-type=\"widget\" data-no-translation=\"\" data-widget_type=\"text-editor.default\">\n\t\t\t\t<div class=\"elementor-widget-container\">\n\t\t\t\t\t<style>.elementor-element-eb6cc9c{display:none !important}<\/style>\t\t\t\t<\/div>\n\t\t\t\t<\/div>\n\t\t\t\t<div class=\"elementor-element elementor-element-def35e3 elementor-widget elementor-widget-text-editor\" data-id=\"def35e3\" data-element_type=\"widget\" data-e-type=\"widget\" data-no-translation=\"\" data-widget_type=\"text-editor.default\">\n\t\t\t\t<div class=\"elementor-widget-container\">\n\t\t\t\t\t\t\t\t\t<p>Without a doubt, one of the first things that comes into my mind is the word\u00a0<em>commitment,<\/em>\u00a0which expresses the dedication of all of us who are part of the great Unicomer Group family and has allowed us to offer a broad product and services portfolio, adapted to our customer\u2019s needs.<\/p>\t\t\t\t\t\t\t\t<\/div>\n\t\t\t\t<\/div>\n\t\t\t\t\t<\/div>\n\t\t<\/div>\n\t\t\t\t<div class=\"elementor-column elementor-col-50 elementor-top-column elementor-element elementor-element-42f7a87\" data-id=\"42f7a87\" data-element_type=\"column\" data-e-type=\"column\" data-settings=\"{&quot;background_background&quot;:&quot;classic&quot;}\">\n\t\t\t<div class=\"elementor-widget-wrap elementor-element-populated\">\n\t\t\t\t\t\t<div class=\"elementor-element elementor-element-927e6f9 elementor-widget elementor-widget-text-editor\" data-id=\"927e6f9\" data-element_type=\"widget\" data-e-type=\"widget\" data-no-translation=\"\" data-widget_type=\"text-editor.default\">\n\t\t\t\t<div class=\"elementor-widget-container\">\n\t\t\t\t\t<style>.elementor-element-927e6f9{display:none !important}<\/style>\t\t\t\t<\/div>\n\t\t\t\t<\/div>\n\t\t\t\t<div class=\"elementor-element elementor-element-532e52a elementor-widget elementor-widget-text-editor\" data-id=\"532e52a\" data-element_type=\"widget\" data-e-type=\"widget\" data-no-translation=\"\" data-widget_type=\"text-editor.default\">\n\t\t\t\t<div class=\"elementor-widget-container\">\n\t\t\t\t\t\t\t\t\t<p>Following closely would be <strong><em>innovation <\/em><\/strong><em>\u2013 <\/em>a concept that I\u2019ve had clear since the beginning of our operations. This has allowed us to become not only a leading, avant-garde business group in our regions, but with a clear model focused 100% on our customers under one common purpose: <strong>to improve their quality of life.<\/strong><\/p><p><strong><em>Responsibility<\/em><\/strong> is another term that cannot be left behind; as a responsible company we create sustainable strategies based on 3 main pillars: social, economic, and environmental. Through these pillars we provide (1) economic growth by offering a better world to future generations and (2) ensure our business continuity to keep developing job opportunities in our 26 countries.<\/p>\t\t\t\t\t\t\t\t<\/div>\n\t\t\t\t<\/div>\n\t\t\t\t\t<\/div>\n\t\t<\/div>\n\t\t\t\t\t<\/div>\n\t\t<\/section>\n\t\t\t\t<section class=\"elementor-section elementor-top-section elementor-element elementor-element-5306a1c elementor-hidden-desktop elementor-hidden-tablet elementor-section-boxed elementor-section-height-default elementor-section-height-default\" data-id=\"5306a1c\" data-element_type=\"section\" data-e-type=\"section\" data-settings=\"{&quot;background_background&quot;:&quot;gradient&quot;}\">\n\t\t\t\t\t\t<div class=\"elementor-container elementor-column-gap-default\">\n\t\t\t\t\t<div class=\"elementor-column elementor-col-100 elementor-top-column elementor-element elementor-element-0b1ee3c\" data-id=\"0b1ee3c\" data-element_type=\"column\" data-e-type=\"column\">\n\t\t\t<div class=\"elementor-widget-wrap elementor-element-populated\">\n\t\t\t\t\t\t<div class=\"elementor-element elementor-element-8174ae0 elementor-widget elementor-widget-gallery\" data-id=\"8174ae0\" data-element_type=\"widget\" data-e-type=\"widget\" data-settings=\"{&quot;columns&quot;:3,&quot;gap&quot;:{&quot;unit&quot;:&quot;px&quot;,&quot;size&quot;:4,&quot;sizes&quot;:[]},&quot;aspect_ratio&quot;:&quot;1:1&quot;,&quot;columns_mobile&quot;:3,&quot;gap_mobile&quot;:{&quot;unit&quot;:&quot;px&quot;,&quot;size&quot;:2,&quot;sizes&quot;:[]},&quot;lazyload&quot;:&quot;yes&quot;,&quot;gallery_layout&quot;:&quot;grid&quot;,&quot;columns_tablet&quot;:2,&quot;gap_tablet&quot;:{&quot;unit&quot;:&quot;px&quot;,&quot;size&quot;:10,&quot;sizes&quot;:[]}}\" data-widget_type=\"gallery.default\">\n\t\t\t\t<div class=\"elementor-widget-container\">\n\t\t\t\t\t\t\t<div class=\"elementor-gallery__container\">\n\t\t\t\t\t\t\t<div class=\"e-gallery-item elementor-gallery-item\">\n\t\t\t\t\t<div class=\"e-gallery-image elementor-gallery-item__image\" data-thumbnail=\"https:\/\/grupounicomer.com\/wp-content\/uploads\/2022\/12\/Quienes-somos1.jpg\" data-width=\"235\" data-height=\"240\" aria-label=\"\" role=\"img\" ><\/div>\n\t\t\t\t\t\t\t\t\t\t\t\t\t\t<\/div>\n\t\t\t\t\t\t\t<div class=\"e-gallery-item elementor-gallery-item\">\n\t\t\t\t\t<div class=\"e-gallery-image elementor-gallery-item__image\" data-thumbnail=\"https:\/\/grupounicomer.com\/wp-content\/uploads\/2022\/12\/Quienes-somos2.jpg\" data-width=\"235\" data-height=\"240\" aria-label=\"\" role=\"img\" ><\/div>\n\t\t\t\t\t\t\t\t\t\t\t\t\t\t<\/div>\n\t\t\t\t\t\t\t<div class=\"e-gallery-item elementor-gallery-item\">\n\t\t\t\t\t<div class=\"e-gallery-image elementor-gallery-item__image\" data-thumbnail=\"https:\/\/grupounicomer.com\/wp-content\/uploads\/2022\/12\/Quienes-somos3.jpg\" data-width=\"235\" data-height=\"240\" aria-label=\"\" role=\"img\" ><\/div>\n\t\t\t\t\t\t\t\t\t\t\t\t\t\t<\/div>\n\t\t\t\t\t\t\t<div class=\"e-gallery-item elementor-gallery-item\">\n\t\t\t\t\t<div class=\"e-gallery-image elementor-gallery-item__image\" data-thumbnail=\"https:\/\/grupounicomer.com\/wp-content\/uploads\/2022\/12\/Quienes-somos4.jpg\" data-width=\"235\" data-height=\"240\" aria-label=\"\" role=\"img\" ><\/div>\n\t\t\t\t\t\t\t\t\t\t\t\t\t\t<\/div>\n\t\t\t\t\t\t\t<div class=\"e-gallery-item elementor-gallery-item\">\n\t\t\t\t\t<div class=\"e-gallery-image elementor-gallery-item__image\" data-thumbnail=\"https:\/\/grupounicomer.com\/wp-content\/uploads\/2022\/12\/Quienes-somos5.jpg\" data-width=\"235\" data-height=\"240\" aria-label=\"\" role=\"img\" ><\/div>\n\t\t\t\t\t\t\t\t\t\t\t\t\t\t<\/div>\n\t\t\t\t\t\t\t<div class=\"e-gallery-item elementor-gallery-item\">\n\t\t\t\t\t<div class=\"e-gallery-image elementor-gallery-item__image\" data-thumbnail=\"https:\/\/grupounicomer.com\/wp-content\/uploads\/2022\/12\/Quienes-somos6.jpg\" data-width=\"235\" data-height=\"240\" aria-label=\"\" role=\"img\" ><\/div>\n\t\t\t\t\t\t\t\t\t\t\t\t\t\t<\/div>\n\t\t\t\t\t<\/div>\n\t\t\t\t\t<\/div>\n\t\t\t\t<\/div>\n\t\t\t\t\t<\/div>\n\t\t<\/div>\n\t\t\t\t\t<\/div>\n\t\t<\/section>\n\t\t\t\t<section class=\"elementor-section elementor-top-section elementor-element elementor-element-1af79dd elementor-section-full_width elementor-section-height-default elementor-section-height-default\" data-id=\"1af79dd\" data-element_type=\"section\" data-e-type=\"section\" data-settings=\"{&quot;background_background&quot;:&quot;classic&quot;}\">\n\t\t\t\t\t\t<div class=\"elementor-container elementor-column-gap-default\">\n\t\t\t\t\t<div class=\"elementor-column elementor-col-50 elementor-top-column elementor-element elementor-element-12aae60\" data-id=\"12aae60\" data-element_type=\"column\" data-e-type=\"column\" data-settings=\"{&quot;background_background&quot;:&quot;classic&quot;}\">\n\t\t\t<div class=\"elementor-widget-wrap elementor-element-populated\">\n\t\t\t\t\t\t<div class=\"elementor-element elementor-element-aa7db57 elementor-widget elementor-widget-text-editor\" data-id=\"aa7db57\" data-element_type=\"widget\" data-e-type=\"widget\" data-no-translation=\"\" data-widget_type=\"text-editor.default\">\n\t\t\t\t<div class=\"elementor-widget-container\">\n\t\t\t\t\t<style>.elementor-element-aa7db57{display:none !important}<\/style>\t\t\t\t<\/div>\n\t\t\t\t<\/div>\n\t\t\t\t<div class=\"elementor-element elementor-element-0645da5 elementor-widget elementor-widget-text-editor\" data-id=\"0645da5\" data-element_type=\"widget\" data-e-type=\"widget\" data-no-translation=\"\" data-widget_type=\"text-editor.default\">\n\t\t\t\t<div class=\"elementor-widget-container\">\n\t\t\t\t\t\t\t\t\t<p>We are a <strong>people company,<\/strong> which is why we provide our team members with continuous training opportunities to develop their skills and equip them with the necessary tools and knowledge, to lead high-performance teams. As part of our ethical culture, where our values are its solid base, we not only care about their individual development, but their families\u2019 well-being as well. In this vein we grant benefits that offer them all the opportunity of achieving a better quality of life.<\/p>\n<p>We continue creating solutions for everyone, promoting a positive change in our communities, and wanting to be closer to them every day. Our commitment to continue bringing <strong><em>well-being opportunities<\/em><\/strong> to every home, is the core of our DNA.<\/p>\n<p>To all of our customers, thank you for being part of our <strong><em>Unicomer Experience;<\/em><\/strong> to our investors and service providers, thank you for being part of it; and, to our team members, thank you for making it possible.<\/p>\t\t\t\t\t\t\t\t<\/div>\n\t\t\t\t<\/div>\n\t\t\t\t\t<\/div>\n\t\t<\/div>\n\t\t\t\t<div class=\"elementor-column elementor-col-50 elementor-top-column elementor-element elementor-element-ee6e83f\" data-id=\"ee6e83f\" data-element_type=\"column\" data-e-type=\"column\" data-settings=\"{&quot;background_background&quot;:&quot;classic&quot;}\">\n\t\t\t<div class=\"elementor-widget-wrap elementor-element-populated\">\n\t\t\t\t\t\t<div class=\"elementor-element elementor-element-6afc4ac elementor-widget elementor-widget-image\" data-id=\"6afc4ac\" data-element_type=\"widget\" data-e-type=\"widget\" data-no-translation=\"\" data-widget_type=\"image.default\">\n\t\t\t\t<div class=\"elementor-widget-container\">\n\t\t\t\t\t<style>.elementor-element-6afc4ac{display:none !important}<\/style>\t\t\t\t<\/div>\n\t\t\t\t<\/div>\n\t\t\t\t<div class=\"elementor-element elementor-element-49aec06 elementor-widget elementor-widget-image\" data-id=\"49aec06\" data-element_type=\"widget\" data-e-type=\"widget\" data-no-translation=\"\" data-widget_type=\"image.default\">\n\t\t\t\t<div class=\"elementor-widget-container\">\n\t\t\t\t\t\t\t\t\t\t\t\t\t\t\t<img fetchpriority=\"high\" decoding=\"async\" width=\"749\" height=\"517\" src=\"https:\/\/grupounicomer.com\/wp-content\/uploads\/2025\/05\/Mario-Siman-eng-2025-01-01.webp\" class=\"attachment-medium_large size-medium_large wp-image-21185\" alt=\"\" srcset=\"https:\/\/grupounicomer.com\/wp-content\/uploads\/2025\/05\/Mario-Siman-eng-2025-01-01.webp 749w, https:\/\/grupounicomer.com\/wp-content\/uploads\/2025\/05\/Mario-Siman-eng-2025-01-01-300x207.webp 300w, https:\/\/grupounicomer.com\/wp-content\/uploads\/2025\/05\/Mario-Siman-eng-2025-01-01-18x12.webp 18w\" sizes=\"(max-width: 749px) 100vw, 749px\" \/>\t\t\t\t\t\t\t\t\t\t\t\t\t\t\t<\/div>\n\t\t\t\t<\/div>\n\t\t\t\t\t<\/div>\n\t\t<\/div>\n\t\t\t\t\t<\/div>\n\t\t<\/section>\n\t\t\t\t<\/div>","protected":false},"excerpt":{"rendered":"<p>Si tengo que describir, \u00bfQu\u00e9 es para m\u00ed Grupo Unicomer? Sin duda debo empezar con la palabra compromiso, que expresa la dedicaci\u00f3n de todos los que formamos parte de la gran familia Unicomer, y que nos ha permitido ofrecer un amplio portafolio de productos y servicios adaptado a las necesidades de nuestros clientes. Without a [&hellip;]<\/p>\n","protected":false},"author":3,"featured_media":0,"parent":0,"menu_order":0,"comment_status":"closed","ping_status":"closed","template":"elementor_header_footer","meta":{"footnotes":""},"class_list":["post-9127","page","type-page","status-publish","hentry"],"yoast_head":"<!-- This site is optimized with the Yoast SEO plugin v27.4 - https:\/\/yoast.com\/product\/yoast-seo-wordpress\/ -->\n<title>Liderazgo - Grupo Unicomer<\/title>\n<meta name=\"description\" content=\"Si tengo que describir, \u00bfQu\u00e9 es para m\u00ed Grupo Unicomer? Sin duda debo empezar con la palabra compromiso, que expresa la dedicaci\u00f3n de todos...\" \/>\n<meta name=\"robots\" content=\"index, follow, max-snippet:-1, max-image-preview:large, max-video-preview:-1\" \/>\n<link rel=\"canonical\" href=\"https:\/\/grupounicomer.com\/en\/leadership\/\" \/>\n<meta property=\"og:locale\" content=\"en_US\" \/>\n<meta property=\"og:type\" content=\"article\" \/>\n<meta property=\"og:title\" content=\"Liderazgo - Grupo Unicomer\" \/>\n<meta property=\"og:description\" content=\"Si tengo que describir, \u00bfQu\u00e9 es para m\u00ed Grupo Unicomer? Sin duda debo empezar con la palabra compromiso, que expresa la dedicaci\u00f3n de todos...\" \/>\n<meta property=\"og:url\" content=\"https:\/\/grupounicomer.com\/en\/leadership\/\" \/>\n<meta property=\"og:site_name\" content=\"Grupo Unicomer\" \/>\n<meta property=\"article:modified_time\" content=\"2025-08-15T04:55:14+00:00\" \/>\n<meta property=\"og:image\" content=\"https:\/\/grupounicomer.com\/wp-content\/uploads\/2025\/05\/Mario-Siman-esp-2025-01.webp\" \/>\n\t<meta property=\"og:image:width\" content=\"749\" \/>\n\t<meta property=\"og:image:height\" content=\"517\" \/>\n\t<meta property=\"og:image:type\" content=\"image\/webp\" \/>\n<meta name=\"twitter:card\" content=\"summary_large_image\" \/>\n<meta name=\"twitter:label1\" content=\"Est. reading time\" \/>\n\t<meta name=\"twitter:data1\" content=\"4 minutes\" \/>\n<script type=\"application\/ld+json\" class=\"yoast-schema-graph\">{\"@context\":\"https:\\\/\\\/schema.org\",\"@graph\":[{\"@type\":\"WebPage\",\"@id\":\"https:\\\/\\\/grupounicomer.com\\\/liderazgo\\\/\",\"url\":\"https:\\\/\\\/grupounicomer.com\\\/liderazgo\\\/\",\"name\":\"Liderazgo - Grupo Unicomer\",\"isPartOf\":{\"@id\":\"https:\\\/\\\/grupounicomer.com\\\/#website\"},\"primaryImageOfPage\":{\"@id\":\"https:\\\/\\\/grupounicomer.com\\\/liderazgo\\\/#primaryimage\"},\"image\":{\"@id\":\"https:\\\/\\\/grupounicomer.com\\\/liderazgo\\\/#primaryimage\"},\"thumbnailUrl\":\"https:\\\/\\\/grupounicomer.com\\\/wp-content\\\/uploads\\\/2025\\\/05\\\/Mario-Siman-esp-2025-01.webp\",\"datePublished\":\"2022-12-28T15:19:13+00:00\",\"dateModified\":\"2025-08-15T04:55:14+00:00\",\"description\":\"Si tengo que describir, \u00bfQu\u00e9 es para m\u00ed Grupo Unicomer? Sin duda debo empezar con la palabra compromiso, que expresa la dedicaci\u00f3n de todos...\",\"breadcrumb\":{\"@id\":\"https:\\\/\\\/grupounicomer.com\\\/liderazgo\\\/#breadcrumb\"},\"inLanguage\":\"en-US\",\"potentialAction\":[{\"@type\":\"ReadAction\",\"target\":[\"https:\\\/\\\/grupounicomer.com\\\/liderazgo\\\/\"]}]},{\"@type\":\"ImageObject\",\"inLanguage\":\"en-US\",\"@id\":\"https:\\\/\\\/grupounicomer.com\\\/liderazgo\\\/#primaryimage\",\"url\":\"https:\\\/\\\/grupounicomer.com\\\/wp-content\\\/uploads\\\/2025\\\/05\\\/Mario-Siman-esp-2025-01.webp\",\"contentUrl\":\"https:\\\/\\\/grupounicomer.com\\\/wp-content\\\/uploads\\\/2025\\\/05\\\/Mario-Siman-esp-2025-01.webp\"},{\"@type\":\"BreadcrumbList\",\"@id\":\"https:\\\/\\\/grupounicomer.com\\\/liderazgo\\\/#breadcrumb\",\"itemListElement\":[{\"@type\":\"ListItem\",\"position\":1,\"name\":\"Portada\",\"item\":\"https:\\\/\\\/grupounicomer.com\\\/\"},{\"@type\":\"ListItem\",\"position\":2,\"name\":\"Liderazgo\"}]},{\"@type\":\"WebSite\",\"@id\":\"https:\\\/\\\/grupounicomer.com\\\/#website\",\"url\":\"https:\\\/\\\/grupounicomer.com\\\/\",\"name\":\"Grupo Unicomer\",\"description\":\"Creamos oportunidades para que todos alcancen su bienestar\",\"potentialAction\":[{\"@type\":\"SearchAction\",\"target\":{\"@type\":\"EntryPoint\",\"urlTemplate\":\"https:\\\/\\\/grupounicomer.com\\\/?s={search_term_string}\"},\"query-input\":{\"@type\":\"PropertyValueSpecification\",\"valueRequired\":true,\"valueName\":\"search_term_string\"}}],\"inLanguage\":\"en-US\"}]}<\/script>\n<!-- \/ Yoast SEO plugin. -->","yoast_head_json":{"title":"Leadership - Unicomer Group","description":"If I should describe what Unicomer Group means for me without a doubt, one of the first things that comes into my mind is the word commitment...","robots":{"index":"index","follow":"follow","max-snippet":"max-snippet:-1","max-image-preview":"max-image-preview:large","max-video-preview":"max-video-preview:-1"},"canonical":"https:\/\/grupounicomer.com\/en\/leadership\/","og_locale":"en_US","og_type":"article","og_title":"Liderazgo - Grupo Unicomer","og_description":"Si tengo que describir, \u00bfQu\u00e9 es para m\u00ed Grupo Unicomer? Sin duda debo empezar con la palabra compromiso, que expresa la dedicaci\u00f3n de todos...","og_url":"https:\/\/grupounicomer.com\/en\/leadership\/","og_site_name":"Grupo Unicomer","article_modified_time":"2025-08-15T04:55:14+00:00","og_image":[{"width":749,"height":517,"url":"https:\/\/grupounicomer.com\/wp-content\/uploads\/2025\/05\/Mario-Siman-esp-2025-01.webp","type":"image\/webp"}],"twitter_card":"summary_large_image","twitter_misc":{"Est. reading time":"4 minutes"},"schema":{"@context":"https:\/\/schema.org","@graph":[{"@type":"WebPage","@id":"https:\/\/grupounicomer.com\/liderazgo\/","url":"https:\/\/grupounicomer.com\/liderazgo\/","name":"Leadership - Unicomer Group","isPartOf":{"@id":"https:\/\/grupounicomer.com\/#website"},"primaryImageOfPage":{"@id":"https:\/\/grupounicomer.com\/liderazgo\/#primaryimage"},"image":{"@id":"https:\/\/grupounicomer.com\/liderazgo\/#primaryimage"},"thumbnailUrl":"https:\/\/grupounicomer.com\/wp-content\/uploads\/2025\/05\/Mario-Siman-esp-2025-01.webp","datePublished":"2022-12-28T15:19:13+00:00","dateModified":"2025-08-15T04:55:14+00:00","description":"If I should describe what Unicomer Group means for me without a doubt, one of the first things that comes into my mind is the word commitment...","breadcrumb":{"@id":"https:\/\/grupounicomer.com\/liderazgo\/#breadcrumb"},"inLanguage":"en-US","potentialAction":[{"@type":"ReadAction","target":["https:\/\/grupounicomer.com\/liderazgo\/"]}]},{"@type":"ImageObject","inLanguage":"en-US","@id":"https:\/\/grupounicomer.com\/liderazgo\/#primaryimage","url":"https:\/\/grupounicomer.com\/wp-content\/uploads\/2025\/05\/Mario-Siman-esp-2025-01.webp","contentUrl":"https:\/\/grupounicomer.com\/wp-content\/uploads\/2025\/05\/Mario-Siman-esp-2025-01.webp"},{"@type":"BreadcrumbList","@id":"https:\/\/grupounicomer.com\/liderazgo\/#breadcrumb","itemListElement":[{"@type":"ListItem","position":1,"name":"Portada","item":"https:\/\/grupounicomer.com\/"},{"@type":"ListItem","position":2,"name":"Liderazgo"}]},{"@type":"WebSite","@id":"https:\/\/grupounicomer.com\/#website","url":"https:\/\/grupounicomer.com\/","name":"Unicomer Group","description":"Creamos oportunidades para que todos alcancen su bienestar","potentialAction":[{"@type":"SearchAction","target":{"@type":"EntryPoint","urlTemplate":"https:\/\/grupounicomer.com\/?s={search_term_string}"},"query-input":{"@type":"PropertyValueSpecification","valueRequired":true,"valueName":"search_term_string"}}],"inLanguage":"en-US"}]}},"_links":{"self":[{"href":"https:\/\/grupounicomer.com\/en\/wp-json\/wp\/v2\/pages\/9127","targetHints":{"allow":["GET"]}}],"collection":[{"href":"https:\/\/grupounicomer.com\/en\/wp-json\/wp\/v2\/pages"}],"about":[{"href":"https:\/\/grupounicomer.com\/en\/wp-json\/wp\/v2\/types\/page"}],"author":[{"embeddable":true,"href":"https:\/\/grupounicomer.com\/en\/wp-json\/wp\/v2\/users\/3"}],"replies":[{"embeddable":true,"href":"https:\/\/grupounicomer.com\/en\/wp-json\/wp\/v2\/comments?post=9127"}],"version-history":[{"count":65,"href":"https:\/\/grupounicomer.com\/en\/wp-json\/wp\/v2\/pages\/9127\/revisions"}],"predecessor-version":[{"id":21764,"href":"https:\/\/grupounicomer.com\/en\/wp-json\/wp\/v2\/pages\/9127\/revisions\/21764"}],"wp:attachment":[{"href":"https:\/\/grupounicomer.com\/en\/wp-json\/wp\/v2\/media?parent=9127"}],"curies":[{"name":"wp","href":"https:\/\/api.w.org\/{rel}","templated":true}]}}